{"id":894,"date":"2015-02-10T19:21:19","date_gmt":"2015-02-10T18:21:19","guid":{"rendered":"http:\/\/avada.theme-fusion.com_demos\/architecture\/?page_id=9"},"modified":"2023-10-06T13:39:44","modified_gmt":"2023-10-06T11:39:44","slug":"about","status":"publish","type":"page","link":"https:\/\/www.mariobuerki.ch\/en\/about\/","title":{"rendered":"About"},"content":{"rendered":"<p><div id=\"komponist\" class=\"fusion-container-anchor\"><div class=\"fusion-fullwidth fullwidth-box fusion-builder-row-1 nonhundred-percent-fullwidth non-hundred-percent-height-scrolling\" style=\"--awb-border-radius-top-left:0px;--awb-border-radius-top-right:0px;--awb-border-radius-bottom-right:0px;--awb-border-radius-bottom-left:0px;--awb-flex-wrap:wrap;\" ><div class=\"fusion-builder-row fusion-row\"><div class=\"fusion-layout-column fusion_builder_column fusion-builder-column-0 fusion_builder_column_1_2 1_2 fusion-one-half fusion-column-first\" style=\"--awb-bg-size:cover;width:50%;width:calc(50% - ( ( 4% ) * 0.5 ) );margin-right: 4%;\"><div class=\"fusion-column-wrapper fusion-flex-column-wrapper-legacy\"><div class=\"fusion-text fusion-text-1\"><h4>MARIO B\u00dcRKI &#8211; DER KOMPONIST<\/h4>\n<\/div><div class=\"fusion-text fusion-text-2\"><h5>Zuweilen kann eine einfache Melodie, die wir nur ein einziges Mal h\u00f6ren, einen so m\u00e4chtigen Eindruck auf unsere Seele machen, dass wir sie mitten im Gew\u00fchle der Welt wieder zu h\u00f6ren glauben, \u2026 in uns lebend braust sie durch unser Inneres.<\/h5>\n<h5>Hans Christian Andersen<br \/>\nd\u00e4nischer Schriftsteller (1805 &#8211; 1875)<\/h5>\n<\/div><div class=\"fusion-sep-clear\"><\/div><div class=\"fusion-separator fusion-clearfix\" style=\"float:left;margin-top:0px;margin-bottom:35px;width:100%;max-width:170px;\"><\/div><div class=\"fusion-sep-clear\"><\/div><div class=\"fusion-text fusion-text-3\"><p>Das Zitat von Hans Christian Andersen beschreibt, was ich seit rund 18 Jahren tue: Ich schreibe auf, was ich h\u00f6re und habe damit bereits rund 130 Werke f\u00fcr die verschiedensten Besetzungen komponiert. Was im Jahre 2001 mit meinem ersten Werk \u00abSzenen aus Max &amp; Moritz\u00bb (welches ich f\u00fcr einen Wettbewerb der WASBE (World Association for Symphonic Bands) schrieb) begann, ist bis heute zu meiner Passion geworden: Das Komponieren von Werken f\u00fcr Blasorchester und Brass Band.<\/p>\n<\/div><div class=\"fusion-clearfix\"><\/div><\/div><\/div><div class=\"fusion-layout-column fusion_builder_column fusion-builder-column-1 fusion_builder_column_1_2 1_2 fusion-one-half fusion-column-last\" style=\"--awb-bg-size:cover;width:50%;width:calc(50% - ( ( 4% ) * 0.5 ) );\"><div class=\"fusion-column-wrapper fusion-flex-column-wrapper-legacy\"><div class=\"fusion-sep-clear\"><\/div><div class=\"fusion-separator fusion-full-width-sep\" style=\"margin-left: auto;margin-right: auto;margin-top:40px;width:100%;\"><\/div><div class=\"fusion-sep-clear\"><\/div><div class=\"fusion-image-element in-legacy-container\" style=\"--awb-caption-title-font-family:var(--h2_typography-font-family);--awb-caption-title-font-weight:var(--h2_typography-font-weight);--awb-caption-title-font-style:var(--h2_typography-font-style);--awb-caption-title-size:var(--h2_typography-font-size);--awb-caption-title-transform:var(--h2_typography-text-transform);--awb-caption-title-line-height:var(--h2_typography-line-height);--awb-caption-title-letter-spacing:var(--h2_typography-letter-spacing);\"><span class=\" fusion-imageframe imageframe-glow imageframe-1 hover-type-zoomin fusion-animated\" style=\"-webkit-box-shadow: 0 0 3px rgba(0,0,0,0.3);box-shadow: 0 0 3px rgba(0,0,0,0.3);\" data-animationType=\"fadeInDown\" data-animationDuration=\"1.0\" data-animationOffset=\"top-into-view\"><a href=\"http:\/\/neu.mariobuerki.ch\/wp-content\/uploads\/2018\/07\/composer.jpg\" class=\"fusion-lightbox\" data-rel=\"iLightbox[582af40805caa4f6aec]\" data-title=\"composer\" title=\"composer\"><img decoding=\"async\" width=\"1000\" height=\"967\" src=\"http:\/\/neu.mariobuerki.ch\/wp-content\/uploads\/2018\/07\/composer.jpg\" alt class=\"img-responsive wp-image-960\" srcset=\"https:\/\/www.mariobuerki.ch\/wp-content\/uploads\/2018\/07\/composer-200x193.jpg 200w, https:\/\/www.mariobuerki.ch\/wp-content\/uploads\/2018\/07\/composer-400x387.jpg 400w, https:\/\/www.mariobuerki.ch\/wp-content\/uploads\/2018\/07\/composer-600x580.jpg 600w, https:\/\/www.mariobuerki.ch\/wp-content\/uploads\/2018\/07\/composer-800x774.jpg 800w, https:\/\/www.mariobuerki.ch\/wp-content\/uploads\/2018\/07\/composer.jpg 1000w\" sizes=\"(max-width: 800px) 100vw, 600px\" \/><\/a><\/span><\/div><div class=\"fusion-text fusion-text-4\"><p>Die meisten meiner Werke entstanden im Auftrag von Verb\u00e4nden, Firmen, Vereinen.\u00a0 Meine Kompositionen sind verlegt bei Musikverlag Frank in Luterbach (CH). Es freut mich zudem, dass meine Werke mittlerweile in der ganzen Welt, zum teil von \u00e4usserst namhaften Orchestern, gespielt werden.<\/p>\n<\/div><div class=\"fusion-clearfix\"><\/div><\/div><\/div><div class=\"fusion-layout-column fusion_builder_column fusion-builder-column-2 fusion_builder_column_1_1 1_1 fusion-one-full fusion-column-first fusion-column-last\" style=\"--awb-bg-size:cover;\"><div class=\"fusion-column-wrapper fusion-flex-column-wrapper-legacy\"><div class=\"fusion-sep-clear\"><\/div><div class=\"fusion-separator fusion-full-width-sep\" style=\"margin-left: auto;margin-right: auto;margin-top:50px;margin-bottom:50px;width:100%;\"><div class=\"fusion-separator-border sep-single sep-solid\" style=\"--awb-height:20px;--awb-amount:20px;border-color:#e0dede;border-top-width:1px;\"><\/div><\/div><div class=\"fusion-sep-clear\"><\/div><div class=\"fusion-clearfix\"><\/div><\/div><\/div><div class=\"fusion-layout-column fusion_builder_column fusion-builder-column-3 fusion_builder_column_1_1 1_1 fusion-one-full fusion-column-first fusion-column-last\" style=\"--awb-bg-size:cover;\"><div class=\"fusion-column-wrapper fusion-flex-column-wrapper-legacy\"><div class=\"fusion-clearfix\"><\/div><\/div><\/div><\/div><\/div><\/div><div id=\"dirigent\" class=\"fusion-container-anchor\"><div class=\"fusion-fullwidth fullwidth-box fusion-builder-row-2 nonhundred-percent-fullwidth non-hundred-percent-height-scrolling\" style=\"--awb-border-radius-top-left:0px;--awb-border-radius-top-right:0px;--awb-border-radius-bottom-right:0px;--awb-border-radius-bottom-left:0px;--awb-flex-wrap:wrap;\" ><div class=\"fusion-builder-row fusion-row\"><div class=\"fusion-layout-column fusion_builder_column fusion-builder-column-4 fusion_builder_column_1_2 1_2 fusion-one-half fusion-column-first\" style=\"--awb-bg-size:cover;width:50%;width:calc(50% - ( ( 4% ) * 0.5 ) );margin-right: 4%;\"><div class=\"fusion-column-wrapper fusion-flex-column-wrapper-legacy\"><div class=\"fusion-text fusion-text-5\"><h4>MARIO B\u00dcRKI &#8211; DER DIRIGENT<\/h4>\n<\/div><div class=\"fusion-text fusion-text-6\"><p>Mit 16 Jahren \u00fcbernahm ich meinen ersten Verein als Dirigent, die Jugendmusik Konolfingen. Mit 20 Jahren wechselte ich zur Musikgesellschaft Ostermundigen, welche ich bis heute dirigiere. Dank meiner Kompositionen bin ich immer \u00f6fter auch als Gastdirigent im In- und Ausland unterwegs, so z. B. 2012-2013 beim Jugendblasorchester des Verbandes Berner Jugendmusiken (CH), 2014 in Medellin, Kolumbien, 2016 bei der Harmonie Shostakovich (CH), 2017 beim Int. Sommerkurs in Marktoberdorf (D), 2018 beim Blasmusikcamp des Bundes Deutscher Blasmusikverb\u00e4nde im Europapark (D).<\/p>\n<\/div><div class=\"fusion-clearfix\"><\/div><\/div><\/div><div class=\"fusion-layout-column fusion_builder_column fusion-builder-column-5 fusion_builder_column_1_2 1_2 fusion-one-half fusion-column-last\" style=\"--awb-bg-size:cover;width:50%;width:calc(50% - ( ( 4% ) * 0.5 ) );\"><div class=\"fusion-column-wrapper fusion-flex-column-wrapper-legacy\"><div class=\"fusion-sep-clear\"><\/div><div class=\"fusion-separator fusion-full-width-sep\" style=\"margin-left: auto;margin-right: auto;margin-top:30px;width:100%;\"><\/div><div class=\"fusion-sep-clear\"><\/div><div class=\"fusion-image-element in-legacy-container\" style=\"--awb-caption-title-font-family:var(--h2_typography-font-family);--awb-caption-title-font-weight:var(--h2_typography-font-weight);--awb-caption-title-font-style:var(--h2_typography-font-style);--awb-caption-title-size:var(--h2_typography-font-size);--awb-caption-title-transform:var(--h2_typography-text-transform);--awb-caption-title-line-height:var(--h2_typography-line-height);--awb-caption-title-letter-spacing:var(--h2_typography-letter-spacing);\"><span class=\" fusion-imageframe imageframe-glow imageframe-2 hover-type-zoomin fusion-animated\" style=\"-webkit-box-shadow: 0 0 3px rgba(0,0,0,0.3);box-shadow: 0 0 3px rgba(0,0,0,0.3);\" data-animationType=\"fadeInDown\" data-animationDuration=\"1.0\" data-animationOffset=\"top-into-view\"><a href=\"http:\/\/neu.mariobuerki.ch\/wp-content\/uploads\/2018\/07\/MOD-Mario-11-1024x683.jpg\" class=\"fusion-lightbox\" data-rel=\"iLightbox[cf16bd3a8edbc4fec68]\" data-title=\"MOD Mario 11\" title=\"MOD Mario 11\"><img decoding=\"async\" width=\"1024\" height=\"683\" src=\"http:\/\/neu.mariobuerki.ch\/wp-content\/uploads\/2018\/07\/MOD-Mario-11-1024x683.jpg\" alt class=\"img-responsive wp-image-966\" srcset=\"https:\/\/www.mariobuerki.ch\/wp-content\/uploads\/2018\/07\/MOD-Mario-11-200x133.jpg 200w, https:\/\/www.mariobuerki.ch\/wp-content\/uploads\/2018\/07\/MOD-Mario-11-400x267.jpg 400w, https:\/\/www.mariobuerki.ch\/wp-content\/uploads\/2018\/07\/MOD-Mario-11-600x400.jpg 600w, https:\/\/www.mariobuerki.ch\/wp-content\/uploads\/2018\/07\/MOD-Mario-11-800x533.jpg 800w, https:\/\/www.mariobuerki.ch\/wp-content\/uploads\/2018\/07\/MOD-Mario-11-1200x800.jpg 1200w, https:\/\/www.mariobuerki.ch\/wp-content\/uploads\/2018\/07\/MOD-Mario-11.jpg 6000w\" sizes=\"(max-width: 800px) 100vw, 600px\" \/><\/a><\/span><\/div><div class=\"fusion-clearfix\"><\/div><\/div><\/div><div class=\"fusion-layout-column fusion_builder_column fusion-builder-column-6 fusion_builder_column_1_1 1_1 fusion-one-full fusion-column-first fusion-column-last\" style=\"--awb-bg-size:cover;\"><div class=\"fusion-column-wrapper fusion-flex-column-wrapper-legacy\"><div class=\"fusion-sep-clear\"><\/div><div class=\"fusion-separator fusion-full-width-sep\" style=\"margin-left: auto;margin-right: auto;margin-top:50px;margin-bottom:50px;width:100%;\"><div class=\"fusion-separator-border sep-single sep-solid\" style=\"--awb-height:20px;--awb-amount:20px;border-color:#e0dede;border-top-width:1px;\"><\/div><\/div><div class=\"fusion-sep-clear\"><\/div><div class=\"fusion-clearfix\"><\/div><\/div><\/div><\/div><\/div><\/div><div id=\"bio\" class=\"fusion-container-anchor\"><div class=\"fusion-fullwidth fullwidth-box fusion-builder-row-3 nonhundred-percent-fullwidth non-hundred-percent-height-scrolling\" style=\"--awb-border-radius-top-left:0px;--awb-border-radius-top-right:0px;--awb-border-radius-bottom-right:0px;--awb-border-radius-bottom-left:0px;--awb-flex-wrap:wrap;\" ><div class=\"fusion-builder-row fusion-row\"><div class=\"fusion-layout-column fusion_builder_column fusion-builder-column-7 fusion_builder_column_1_1 1_1 fusion-one-full fusion-column-first fusion-column-last\" style=\"--awb-bg-size:cover;\"><div class=\"fusion-column-wrapper fusion-flex-column-wrapper-legacy\"><div class=\"fusion-text fusion-text-7\"><h4>MARIO B\u00dcRKI &#8211; Biografie<\/h4>\n<\/div><div class=\"fusion-text fusion-text-8\"><p>Mario B\u00fcrki (*1977) ist einer der gefragtesten Blasmusikkomponisten der Schweiz. Noch w\u00e4hrend seines Studiums zum Blasmusikdirigent begann er mit Komponieren und gewann bereits 2001 mit seinem Werk \u201eSzenen aus Max und Moritz\u201c einen Preis beim WASBE-Kompositionswettbewerb<span style=\"margin: 0px; font-family: 'Arial',sans-serif;\"> und seine Komposition Indian Fire wurde am Wettbewerb Flicorno d\u2019Oro Junior (Italien) mit dem Spezialpreis f\u00fcr das orginellste Konzertst\u00fcck ausgezeichnet.<\/span><span style=\"margin: 0px; font-family: 'Arial',sans-serif;\"> 2012 war Mario \u201eComposer in Residence\u201c bei der gr\u00f6ssten europ\u00e4ischen Bibliothek f\u00fcr Blasorchesternoten CDMC (F), 2013 nahm er seine erste CD \u00abOf Castles and Legends\u00bb mit der Symphonic Wind Band Dunshan in China auf. 2014 wurde er als Dozent zum 4. Internationalen Kongress f\u00fcr Blasmusik in Medellin, Kolumbien eingeladen. <\/span><span style=\"margin: 0px; font-family: 'Arial',sans-serif;\">Die meisten seiner Werke wurden von Institutionen oder Verb\u00e4nden als Testst\u00fccke f\u00fcr kantonale, schweizerische oder internationale Wettbewerbe in Auftrag gegeben. <\/span><span style=\"margin: 0px; font-family: 'Arial',sans-serif;\">Seit 20 Jahren dirigiert er die Musikgesellschaft Ostermundigen CH), er engagiert sich in der Jugendf\u00f6rderung, juriert regelm\u00e4ssig an internationalen und schweizerischen Wettbewerben und leitet zahlreiche Workshops rund um das Thema Blasmusik. <\/span><span style=\"margin: 0px; font-family: 'Arial',sans-serif;\">Mario ist gern gesehener Dozent, Referent, Gastdirigent oder Experte im In- und Ausland.<\/p>\n<\/div><div class=\"fusion-clearfix\"><\/div><\/div><\/div><div class=\"fusion-layout-column fusion_builder_column fusion-builder-column-8 fusion_builder_column_1_2 1_2 fusion-one-half fusion-column-first\" style=\"--awb-bg-size:cover;width:48%; margin-right: 4%;\"><div class=\"fusion-column-wrapper fusion-flex-column-wrapper-legacy\"><div class=\"fusion-image-element in-legacy-container\" style=\"--awb-caption-title-font-family:var(--h2_typography-font-family);--awb-caption-title-font-weight:var(--h2_typography-font-weight);--awb-caption-title-font-style:var(--h2_typography-font-style);--awb-caption-title-size:var(--h2_typography-font-size);--awb-caption-title-transform:var(--h2_typography-text-transform);--awb-caption-title-line-height:var(--h2_typography-line-height);--awb-caption-title-letter-spacing:var(--h2_typography-letter-spacing);\"><span class=\" fusion-imageframe imageframe-glow imageframe-3 hover-type-zoomin\" style=\"-webkit-box-shadow: 0 0 3px rgba(0,0,0,0.3);box-shadow: 0 0 3px rgba(0,0,0,0.3);\"><img decoding=\"async\" width=\"770\" height=\"513\" title=\"dsc03373\" src=\"http:\/\/neu.mariobuerki.ch\/wp-content\/uploads\/2018\/07\/dsc03373.jpg\" alt class=\"img-responsive wp-image-983\" srcset=\"https:\/\/www.mariobuerki.ch\/wp-content\/uploads\/2018\/07\/dsc03373-200x133.jpg 200w, https:\/\/www.mariobuerki.ch\/wp-content\/uploads\/2018\/07\/dsc03373-400x266.jpg 400w, https:\/\/www.mariobuerki.ch\/wp-content\/uploads\/2018\/07\/dsc03373-600x400.jpg 600w, https:\/\/www.mariobuerki.ch\/wp-content\/uploads\/2018\/07\/dsc03373.jpg 770w\" sizes=\"(max-width: 800px) 100vw, 600px\" \/><\/span><\/div><div class=\"fusion-clearfix\"><\/div><\/div><\/div><div class=\"fusion-layout-column fusion_builder_column fusion-builder-column-9 fusion_builder_column_1_1 1_1 fusion-one-full fusion-column-last\" style=\"--awb-bg-size:cover;\"><div class=\"fusion-column-wrapper fusion-flex-column-wrapper-legacy\"><div class=\"fusion-sep-clear\"><\/div><div class=\"fusion-separator fusion-full-width-sep\" style=\"margin-left: auto;margin-right: auto;margin-top:50px;margin-bottom:50px;width:100%;\"><div class=\"fusion-separator-border sep-single sep-solid\" style=\"--awb-height:20px;--awb-amount:20px;border-color:#e0dede;border-top-width:1px;\"><\/div><\/div><div class=\"fusion-sep-clear\"><\/div><div class=\"fusion-clearfix\"><\/div><\/div><\/div><\/div><\/div><\/div><div class=\"fusion-fullwidth fullwidth-box fusion-builder-row-4 nonhundred-percent-fullwidth non-hundred-percent-height-scrolling\" style=\"--awb-border-radius-top-left:0px;--awb-border-radius-top-right:0px;--awb-border-radius-bottom-right:0px;--awb-border-radius-bottom-left:0px;--awb-flex-wrap:wrap;\" ><div class=\"fusion-builder-row fusion-row\"><div class=\"fusion-layout-column fusion_builder_column fusion-builder-column-10 fusion_builder_column_1_1 1_1 fusion-one-full fusion-column-first fusion-column-last\" style=\"--awb-bg-size:cover;--awb-margin-bottom:0px;\"><div class=\"fusion-column-wrapper fusion-flex-column-wrapper-legacy\"><div class=\"fusion-text fusion-text-9\"><p><\/span><\/p>\n<\/div><div class=\"fusion-clearfix\"><\/div><\/div><\/div><\/div><\/div><\/p>\n","protected":false},"excerpt":{"rendered":"","protected":false},"author":1,"featured_media":0,"parent":0,"menu_order":0,"comment_status":"closed","ping_status":"closed","template":"","meta":{"footnotes":""},"class_list":["post-894","page","type-page","status-publish","hentry"],"_links":{"self":[{"href":"https:\/\/www.mariobuerki.ch\/en\/wp-json\/wp\/v2\/pages\/894","targetHints":{"allow":["GET"]}}],"collection":[{"href":"https:\/\/www.mariobuerki.ch\/en\/wp-json\/wp\/v2\/pages"}],"about":[{"href":"https:\/\/www.mariobuerki.ch\/en\/wp-json\/wp\/v2\/types\/page"}],"author":[{"embeddable":true,"href":"https:\/\/www.mariobuerki.ch\/en\/wp-json\/wp\/v2\/users\/1"}],"replies":[{"embeddable":true,"href":"https:\/\/www.mariobuerki.ch\/en\/wp-json\/wp\/v2\/comments?post=894"}],"version-history":[{"count":37,"href":"https:\/\/www.mariobuerki.ch\/en\/wp-json\/wp\/v2\/pages\/894\/revisions"}],"predecessor-version":[{"id":2554,"href":"https:\/\/www.mariobuerki.ch\/en\/wp-json\/wp\/v2\/pages\/894\/revisions\/2554"}],"wp:attachment":[{"href":"https:\/\/www.mariobuerki.ch\/en\/wp-json\/wp\/v2\/media?parent=894"}],"curies":[{"name":"wp","href":"https:\/\/api.w.org\/{rel}","templated":true}]}}